{"id":4169,"date":"2025-08-29T04:45:37","date_gmt":"2025-08-29T04:45:37","guid":{"rendered":"https:\/\/congdoansaigoncoop.com.vn\/?page_id=4169"},"modified":"2025-08-29T04:45:38","modified_gmt":"2025-08-29T04:45:38","slug":"thong-bao","status":"publish","type":"page","link":"https:\/\/congdoansaigoncoop.com.vn\/?page_id=4169","title":{"rendered":"TH\u00d4NG B\u00c1O"},"content":{"rendered":"\n<div class=\"wp-block-file\"><a id=\"wp-block-file--media-bf0edae3-ea83-48ad-ab3e-1623439b7314\" href=\"https:\/\/congdoansaigoncoop.com.vn\/wp-content\/uploads\/2025\/08\/TB-155.pdf\">TB 155 &#8211; Khen th\u01b0\u1edfng con Ng\u01b0\u1eddi lao \u0111\u1ed9ng h\u1ecdc gi\u1ecfi v\u00e0 h\u1ecdc b\u1ed5ng Nguy\u1ec5n \u0110\u1ee9c C\u1ea3nh \u0111\u1ee3t 2 n\u0103m 2025 <\/a><a href=\"https:\/\/congdoansaigoncoop.com.vn\/wp-content\/uploads\/2025\/08\/TB-155.pdf\" class=\"wp-block-file__button wp-element-button\" download aria-describedby=\"wp-block-file--media-bf0edae3-ea83-48ad-ab3e-1623439b7314\">Download<\/a><\/div>\n\n\n\n<div class=\"wp-block-file\"><a id=\"wp-block-file--media-739bf53c-cd54-47a2-ad58-0bbbe6f431d0\" href=\"https:\/\/congdoansaigoncoop.com.vn\/wp-content\/uploads\/2025\/08\/TB-156.pdf\">TB 156 &#8211; Ch\u0103m lo \u0111o\u00e0n vi\u00ean C\u00f4ng \u0111o\u00e0n nh\u00e2n d\u1ecbp k\u1ef7 ni\u1ec7m 80 n\u0103m C\u00e1ch m\u1ea1ng th\u00e1ng T\u00e1m v\u00e0 Qu\u1ed1c kh\u00e1nh <\/a><a href=\"https:\/\/congdoansaigoncoop.com.vn\/wp-content\/uploads\/2025\/08\/TB-156.pdf\" class=\"wp-block-file__button wp-element-button\" download aria-describedby=\"wp-block-file--media-739bf53c-cd54-47a2-ad58-0bbbe6f431d0\">Download<\/a><\/div>\n\n\n\n<p><\/p>\n","protected":false},"excerpt":{"rendered":"TB 155 - Khen th\u01b0\u1edfng con Ng\u01b0\u1eddi lao \u0111\u1ed9ng h\u1ecdc gi\u1ecfi v\u00e0 h\u1ecdc b\u1ed5ng Nguy\u1ec5n \u0110\u1ee9c C\u1ea3nh \u0111\u1ee3t 2 n\u0103m 2025 Download TB 156 - Ch\u0103m lo \u0111o\u00e0n vi\u00ean C\u00f4ng \u0111o\u00e0n nh\u00e2n d\u1ecbp k\u1ef7 ni\u1ec7m 80 n\u0103m C\u00e1ch m\u1ea1ng th\u00e1ng T\u00e1m v\u00e0 Qu\u1ed1c kh\u00e1nh Download","protected":false},"author":1,"featured_media":0,"parent":0,"menu_order":0,"comment_status":"closed","ping_status":"closed","template":"","meta":{"footnotes":""},"class_list":["post-4169","page","type-page","status-publish","hentry"],"_links":{"self":[{"href":"https:\/\/congdoansaigoncoop.com.vn\/index.php?rest_route=\/wp\/v2\/pages\/4169","targetHints":{"allow":["GET"]}}],"collection":[{"href":"https:\/\/congdoansaigoncoop.com.vn\/index.php?rest_route=\/wp\/v2\/pages"}],"about":[{"href":"https:\/\/congdoansaigoncoop.com.vn\/index.php?rest_route=\/wp\/v2\/types\/page"}],"author":[{"embeddable":true,"href":"https:\/\/congdoansaigoncoop.com.vn\/index.php?rest_route=\/wp\/v2\/users\/1"}],"replies":[{"embeddable":true,"href":"https:\/\/congdoansaigoncoop.com.vn\/index.php?rest_route=%2Fwp%2Fv2%2Fcomments&post=4169"}],"version-history":[{"count":1,"href":"https:\/\/congdoansaigoncoop.com.vn\/index.php?rest_route=\/wp\/v2\/pages\/4169\/revisions"}],"predecessor-version":[{"id":4172,"href":"https:\/\/congdoansaigoncoop.com.vn\/index.php?rest_route=\/wp\/v2\/pages\/4169\/revisions\/4172"}],"wp:attachment":[{"href":"https:\/\/congdoansaigoncoop.com.vn\/index.php?rest_route=%2Fwp%2Fv2%2Fmedia&parent=4169"}],"curies":[{"name":"wp","href":"https:\/\/api.w.org\/{rel}","templated":true}]}}