{"id":4140,"date":"2025-08-29T04:16:07","date_gmt":"2025-08-29T04:16:07","guid":{"rendered":"https:\/\/congdoansaigoncoop.com.vn\/?page_id=4140"},"modified":"2025-08-29T04:33:11","modified_gmt":"2025-08-29T04:33:11","slug":"bieu-mau","status":"publish","type":"page","link":"https:\/\/congdoansaigoncoop.com.vn\/?page_id=4140","title":{"rendered":"C\u00d4NG T\u00c1C NH\u00c2N S\u1ef0"},"content":{"rendered":"\n<p>M\u1ed9t s\u1ed1 bi\u1ec3u m\u1eabu li\u00ean quan c\u00f4ng t\u00e1c nh\u00e2n s\u1ef1 Ban ch\u1ea5p h\u00e0nh C\u00f4ng \u0111o\u00e0n t\u1ea1i \u0111\u01a1n v\u1ecb, anh ch\u1ecb vui l\u00f2ng click v\u00e0o \u0111\u1ec3 t\u1ea3i file v\u1ec1 :<\/p>\n\n\n\n<div class=\"wp-block-file\"><a id=\"wp-block-file--media-efc6c22e-e6b6-4b71-bc98-0d7fae08edc3\" href=\"https:\/\/congdoansaigoncoop.com.vn\/wp-content\/uploads\/2025\/08\/1-Mau-TTr-co-y-kien-bo-sung-nhan-su.doc\">1- M\u1eabu TTr c\u00f3 \u00fd ki\u00ean b\u1ed5 sung nhan su<\/a><a href=\"https:\/\/congdoansaigoncoop.com.vn\/wp-content\/uploads\/2025\/08\/1-Mau-TTr-co-y-kien-bo-sung-nhan-su.doc\" class=\"wp-block-file__button wp-element-button\" download aria-describedby=\"wp-block-file--media-efc6c22e-e6b6-4b71-bc98-0d7fae08edc3\">Download<\/a><\/div>\n\n\n\n<div class=\"wp-block-file\"><a id=\"wp-block-file--media-87db8df9-2d2b-4059-9f67-a88bca4127fa\" href=\"https:\/\/congdoansaigoncoop.com.vn\/wp-content\/uploads\/2025\/08\/2-Mau-DS-trich-ngang-nhan-su.doc\">2- M\u1eabu DS tr\u00edch ngang nh\u00e2n s\u1ef1<\/a><a href=\"https:\/\/congdoansaigoncoop.com.vn\/wp-content\/uploads\/2025\/08\/2-Mau-DS-trich-ngang-nhan-su.doc\" class=\"wp-block-file__button wp-element-button\" download aria-describedby=\"wp-block-file--media-87db8df9-2d2b-4059-9f67-a88bca4127fa\">Download<\/a><\/div>\n\n\n\n<div class=\"wp-block-file\"><a id=\"wp-block-file--media-266abc15-257d-404c-a2a0-cdad8d4ed363\" href=\"https:\/\/congdoansaigoncoop.com.vn\/wp-content\/uploads\/2025\/08\/3-Mau-Bien-ban-hoi-nghi-BCH.doc\">3- M\u1eabu Bi\u00ean b\u1ea3n h\u1ed9i ngh\u1ecb BCH<\/a><a href=\"https:\/\/congdoansaigoncoop.com.vn\/wp-content\/uploads\/2025\/08\/3-Mau-Bien-ban-hoi-nghi-BCH.doc\" class=\"wp-block-file__button wp-element-button\" download aria-describedby=\"wp-block-file--media-266abc15-257d-404c-a2a0-cdad8d4ed363\">Download<\/a><\/div>\n\n\n\n<div class=\"wp-block-file\"><a id=\"wp-block-file--media-81fddd45-b3db-4f98-93c3-c4b3d0c50142\" href=\"https:\/\/congdoansaigoncoop.com.vn\/wp-content\/uploads\/2025\/08\/4-Mau-TTr-Cong-nhan-ket-qua.doc\">4- M\u1eabu t\u1edd tr\u00ecnh c\u00f4ng nh\u1eadn k\u1ebft qu\u1ea3<\/a><a href=\"https:\/\/congdoansaigoncoop.com.vn\/wp-content\/uploads\/2025\/08\/4-Mau-TTr-Cong-nhan-ket-qua.doc\" class=\"wp-block-file__button wp-element-button\" download aria-describedby=\"wp-block-file--media-81fddd45-b3db-4f98-93c3-c4b3d0c50142\">Download<\/a><\/div>\n\n\n\n<div class=\"wp-block-file\"><a id=\"wp-block-file--media-803daafa-96df-443a-a39f-4366bd1b3a51\" href=\"https:\/\/congdoansaigoncoop.com.vn\/wp-content\/uploads\/2025\/08\/5.mau-ban-giao-chuc-danh-Chu-tich-Cong-doan.docx\">5.M\u1eabu b\u00e0n giao ch\u1ee9c danh Ch\u1ee7 t\u1ecbch C\u00f4ng \u0111o\u00e0n<\/a><a href=\"https:\/\/congdoansaigoncoop.com.vn\/wp-content\/uploads\/2025\/08\/5.mau-ban-giao-chuc-danh-Chu-tich-Cong-doan.docx\" class=\"wp-block-file__button wp-element-button\" download aria-describedby=\"wp-block-file--media-803daafa-96df-443a-a39f-4366bd1b3a51\">Download<\/a><\/div>\n\n\n\n<div class=\"wp-block-file\"><a id=\"wp-block-file--media-b912b15a-8d05-4d45-b477-265bae2ecbab\" href=\"https:\/\/congdoansaigoncoop.com.vn\/wp-content\/uploads\/2025\/08\/6.mau-Don-de-nghi-xin-thoi-chuc-vu-CD.docx\">6. M\u1eabu \u0111\u01a1n \u0111\u1ec1 ngh\u1ecb xin th\u00f4i ch\u1ee9c v\u1ee5 C\u00f4ng \u0111o\u00e0n<\/a><a href=\"https:\/\/congdoansaigoncoop.com.vn\/wp-content\/uploads\/2025\/08\/6.mau-Don-de-nghi-xin-thoi-chuc-vu-CD.docx\" class=\"wp-block-file__button wp-element-button\" download aria-describedby=\"wp-block-file--media-b912b15a-8d05-4d45-b477-265bae2ecbab\">Download<\/a><\/div>\n","protected":false},"excerpt":{"rendered":"<p>M\u1ed9t s\u1ed1 bi\u1ec3u m\u1eabu li\u00ean quan c\u00f4ng t\u00e1c nh\u00e2n s\u1ef1 Ban ch\u1ea5p h\u00e0nh C\u00f4ng \u0111o\u00e0n t\u1ea1i \u0111\u01a1n v\u1ecb, anh ch\u1ecb vui l\u00f2ng click v\u00e0o \u0111\u1ec3 t\u1ea3i file v\u1ec1 :<\/p>\n","protected":false},"author":1,"featured_media":0,"parent":0,"menu_order":0,"comment_status":"closed","ping_status":"closed","template":"","meta":{"footnotes":""},"class_list":["post-4140","page","type-page","status-publish","hentry"],"_links":{"self":[{"href":"https:\/\/congdoansaigoncoop.com.vn\/index.php?rest_route=\/wp\/v2\/pages\/4140","targetHints":{"allow":["GET"]}}],"collection":[{"href":"https:\/\/congdoansaigoncoop.com.vn\/index.php?rest_route=\/wp\/v2\/pages"}],"about":[{"href":"https:\/\/congdoansaigoncoop.com.vn\/index.php?rest_route=\/wp\/v2\/types\/page"}],"author":[{"embeddable":true,"href":"https:\/\/congdoansaigoncoop.com.vn\/index.php?rest_route=\/wp\/v2\/users\/1"}],"replies":[{"embeddable":true,"href":"https:\/\/congdoansaigoncoop.com.vn\/index.php?rest_route=%2Fwp%2Fv2%2Fcomments&post=4140"}],"version-history":[{"count":5,"href":"https:\/\/congdoansaigoncoop.com.vn\/index.php?rest_route=\/wp\/v2\/pages\/4140\/revisions"}],"predecessor-version":[{"id":4155,"href":"https:\/\/congdoansaigoncoop.com.vn\/index.php?rest_route=\/wp\/v2\/pages\/4140\/revisions\/4155"}],"wp:attachment":[{"href":"https:\/\/congdoansaigoncoop.com.vn\/index.php?rest_route=%2Fwp%2Fv2%2Fmedia&parent=4140"}],"curies":[{"name":"wp","href":"https:\/\/api.w.org\/{rel}","templated":true}]}}